{"id":1608,"date":"2017-05-31T05:00:25","date_gmt":"2017-05-31T05:00:25","guid":{"rendered":"https:\/\/www.villa-fortuna.it\/blog\/"},"modified":"2020-12-07T14:03:35","modified_gmt":"2020-12-07T13:03:35","slug":"blog","status":"publish","type":"page","link":"https:\/\/www.villa-fortuna.it\/en\/blog\/","title":{"rendered":"Blog"},"content":{"rendered":"\t\t<div data-elementor-type=\"wp-post\" data-elementor-id=\"1608\" class=\"elementor elementor-1608 elementor-85\" data-elementor-settings=\"[]\">\n\t\t\t\t\t\t<div class=\"elementor-inner\">\n\t\t\t\t\t\t\t<div class=\"elementor-section-wrap\">\n\t\t\t\t\t\t\t<section class=\"elementor-section elementor-top-section elementor-element elementor-element-axm2p4l elementor-section-height-min-height elementor-section-boxed elementor-section-height-default elementor-section-items-middle\" data-id=\"axm2p4l\" data-element_type=\"section\" data-settings=\"{&quot;background_background&quot;:&quot;classic&quot;}\">\n\t\t\t\t\t\t\t<div class=\"elementor-background-overlay\"><\/div>\n\t\t\t\t\t\t\t<div class=\"elementor-container elementor-column-gap-default\">\n\t\t\t\t\t\t\t<div class=\"elementor-row\">\n\t\t\t\t\t<div class=\"elementor-column elementor-col-100 elementor-top-column elementor-element elementor-element-eg989yn\" data-id=\"eg989yn\" data-element_type=\"column\">\n\t\t\t<div class=\"elementor-column-wrap elementor-element-populated\">\n\t\t\t\t\t\t\t<div class=\"elementor-widget-wrap\">\n\t\t\t\t\t\t<div class=\"elementor-element elementor-element-dy8ht18 elementor-widget elementor-widget-spacer\" data-id=\"dy8ht18\" data-element_type=\"widget\" data-widget_type=\"spacer.default\">\n\t\t\t\t<div class=\"elementor-widget-container\">\n\t\t\t\t\t<div class=\"elementor-spacer\">\n\t\t\t<div class=\"elementor-spacer-inner\"><\/div>\n\t\t<\/div>\n\t\t\t\t<\/div>\n\t\t\t\t<\/div>\n\t\t\t\t<div class=\"elementor-element elementor-element-6e0rano elementor-view-default elementor-position-top elementor-widget elementor-widget-themo-header\" data-id=\"6e0rano\" data-element_type=\"widget\" data-widget_type=\"themo-header.default\">\n\t\t\t\t<div class=\"elementor-widget-container\">\n\t\t\t\t\t<div class=\"th-header-wrap\">\n        <div class=\"elementor-icon-box-wrapper \">\n                            <div class=\"elementor-icon-box-content\">\n                    <h1 class=\"elementor-icon-box-title\">\n                        <span >The Villa Fortuna Blog<\/span>\n                    <\/h1>\n                                        <p class=\"elementor-icon-box-description\"><\/p>\n\n                                    <\/div>\n            <\/div>\n\n        <\/div>\n\n\t\t\t\t<\/div>\n\t\t\t\t<\/div>\n\t\t\t\t\t\t<\/div>\n\t\t\t\t\t<\/div>\n\t\t<\/div>\n\t\t\t\t\t\t\t\t<\/div>\n\t\t\t\t\t<\/div>\n\t\t<\/section>\n\t\t\t\t<section class=\"elementor-section elementor-top-section elementor-element elementor-element-vkt1dv8 elementor-section-boxed elementor-section-height-default elementor-section-height-default\" data-id=\"vkt1dv8\" data-element_type=\"section\" data-settings=\"{&quot;background_background&quot;:&quot;classic&quot;}\">\n\t\t\t\t\t\t<div class=\"elementor-container elementor-column-gap-default\">\n\t\t\t\t\t\t\t<div class=\"elementor-row\">\n\t\t\t\t\t<div class=\"elementor-column elementor-col-100 elementor-top-column elementor-element elementor-element-xo5h9bj\" data-id=\"xo5h9bj\" data-element_type=\"column\">\n\t\t\t<div class=\"elementor-column-wrap elementor-element-populated\">\n\t\t\t\t\t\t\t<div class=\"elementor-widget-wrap\">\n\t\t\t\t\t\t<div class=\"elementor-element elementor-element-h6bnfn5 elementor-widget elementor-widget-spacer\" data-id=\"h6bnfn5\" data-element_type=\"widget\" data-widget_type=\"spacer.default\">\n\t\t\t\t<div class=\"elementor-widget-container\">\n\t\t\t\t\t<div class=\"elementor-spacer\">\n\t\t\t<div class=\"elementor-spacer-inner\"><\/div>\n\t\t<\/div>\n\t\t\t\t<\/div>\n\t\t\t\t<\/div>\n\t\t\t\t<div class=\"elementor-element elementor-element-j81sio5 elementor-widget elementor-widget-themo-blog\" data-id=\"j81sio5\" data-element_type=\"widget\" data-widget_type=\"themo-blog.default\">\n\t\t\t\t<div class=\"elementor-widget-container\">\n\t\t\t\n\t\t\t<section class=\"th-masonry-blog th-blog-3-col\">\n\n                <div class=\"mas-blog row\">\n                    <div class=\"mas-blog-post-sizer col-sm-6 col-md-4\"><\/div>\n\t\t\t\t\t\n\t\t\t\t\t\t\n\t\t\t\t\t\t<div class=\"mas-blog-post col-sm-6 col-md-4 post-1984 post type-post status-publish format-standard has-post-thumbnail hentry\">\n\t\t\t\t\t\t\t    \t\t<a href=\"https:\/\/www.villa-fortuna.it\/en\/armonia-tra-mente-corpo-e-spirito\/\">\n\t\t\t<img width=\"394\" height=\"394\" src=\"https:\/\/www.villa-fortuna.it\/wp-content\/uploads\/2021\/08\/fortuna-massage-3757952-394x394.jpg\" class=\"img-responsive wp-post-image\" alt=\"\" loading=\"lazy\" srcset=\"https:\/\/www.villa-fortuna.it\/wp-content\/uploads\/2021\/08\/fortuna-massage-3757952-394x394.jpg 394w, https:\/\/www.villa-fortuna.it\/wp-content\/uploads\/2021\/08\/fortuna-massage-3757952-150x150.jpg 150w, https:\/\/www.villa-fortuna.it\/wp-content\/uploads\/2021\/08\/fortuna-massage-3757952-605x605.jpg 605w\" sizes=\"(max-width: 394px) 100vw, 394px\" \/>    \t<\/a>\n    <div class=\"post-inner\">\n        <div class=\"post-meta\">\n    Uncategorized<\/div>            <h3 class=\"post-title\"><a href=\"https:\/\/www.villa-fortuna.it\/en\/armonia-tra-mente-corpo-e-spirito\/\">Armonia tra mente corpo e spirito<\/a><\/h3>\n        \t            \t<div class=\"entry-content post-excerpt\">\n\t\t\t\t\t<p>L\u2019equilibrio tra vita privata e professionale pu\u00f2 risultare estenuante. Sicuramente capita anche a voi di sentirvi stressati dal lavoro e dal sovraccarico&nbsp;di incombenze quotidiane tanto da non riuscire a staccare. Seguite il nostro consiglio: bisogna imparare ad armonizzare i momenti &hellip; <a href=\"https:\/\/www.villa-fortuna.it\/en\/armonia-tra-mente-corpo-e-spirito\/\">Read More<\/a><\/p>\n                <\/div>\n\t\t\t\t<div class=\"date-meta\">\n    <i class=\"xs-icon fa fa-calendar-o\"><\/i>\n    <!--div class=\"post-meta\"-->\n        <span class=\"themo-mas-date-meta show-author\"><a href=\"https:\/\/www.villa-fortuna.it\/en\/author\/villa\/\" title=\"Posts by villa\" rel=\"author\">villa<\/a><\/span>\n        <time class=\"themo-mas-date-meta published\" datetime=\"2021-09-02T14:49:45+02:00\">2. September 2021<\/time>\n                    <span class=\"themo-mas-date-meta show-comments\"><\/span>\n            <!--\/div-->\n    <span class=\"is-sticky\">Featured Post<\/span>\n<\/div><\/div>\n\t\t\t\t\t\t<\/div>\n\n\t\t\t\t\t\n\t\t\t\t\t\t\n\t\t\t\t\t\t<div class=\"mas-blog-post col-sm-6 col-md-4 post-1837 post type-post status-publish format-standard has-post-thumbnail hentry\">\n\t\t\t\t\t\t\t    \t\t<a href=\"https:\/\/www.villa-fortuna.it\/en\/sehenswuerdigkeiten-in-dorf-tirol-und-meran-2\/\">\n\t\t\t<img width=\"394\" height=\"394\" src=\"https:\/\/www.villa-fortuna.it\/wp-content\/uploads\/2021\/08\/fortuna-massage-3757952-394x394.jpg\" class=\"img-responsive wp-post-image\" alt=\"\" loading=\"lazy\" srcset=\"https:\/\/www.villa-fortuna.it\/wp-content\/uploads\/2021\/08\/fortuna-massage-3757952-394x394.jpg 394w, https:\/\/www.villa-fortuna.it\/wp-content\/uploads\/2021\/08\/fortuna-massage-3757952-150x150.jpg 150w, https:\/\/www.villa-fortuna.it\/wp-content\/uploads\/2021\/08\/fortuna-massage-3757952-605x605.jpg 605w\" sizes=\"(max-width: 394px) 100vw, 394px\" \/>    \t<\/a>\n    <div class=\"post-inner\">\n        <div class=\"post-meta\">\n    Uncategorized<\/div>            <h3 class=\"post-title\"><a href=\"https:\/\/www.villa-fortuna.it\/en\/sehenswuerdigkeiten-in-dorf-tirol-und-meran-2\/\">Sich Zeit nehmen: K\u00f6rper, Seele und Geist entspannen.<\/a><\/h3>\n        \t            \t<div class=\"entry-content post-excerpt\">\n\t\t\t\t\t<p>Einfach einmal abschalten und die Zeit vergessen, sich selbst sp\u00fcren und Energie tanken. Hand aufs Herz: wann haben Sie das zuletzt erlebt?&nbsp; Der Alltag ist oft hektisch und anstrengend. Termine, Job, Familie &#8211; der \u00fcbliche \u201eStress\u201d.&nbsp; Auf lange Sicht tut &hellip; <a href=\"https:\/\/www.villa-fortuna.it\/en\/sehenswuerdigkeiten-in-dorf-tirol-und-meran-2\/\">Read More<\/a><\/p>\n                <\/div>\n\t\t\t\t<div class=\"date-meta\">\n    <i class=\"xs-icon fa fa-calendar-o\"><\/i>\n    <!--div class=\"post-meta\"-->\n        <span class=\"themo-mas-date-meta show-author\"><a href=\"https:\/\/www.villa-fortuna.it\/en\/author\/villa\/\" title=\"Posts by villa\" rel=\"author\">villa<\/a><\/span>\n        <time class=\"themo-mas-date-meta published\" datetime=\"2021-08-31T15:41:17+02:00\">31. August 2021<\/time>\n                    <span class=\"themo-mas-date-meta show-comments\"><\/span>\n            <!--\/div-->\n    <span class=\"is-sticky\">Featured Post<\/span>\n<\/div><\/div>\n\t\t\t\t\t\t<\/div>\n\n\t\t\t\t\t\n\t\t\t\t\t\t\n\t\t\t\t\t\t<div class=\"mas-blog-post col-sm-6 col-md-4 post-595 post type-post status-publish format-standard has-post-thumbnail hentry\">\n\t\t\t\t\t\t\t    \t\t<a href=\"https:\/\/www.villa-fortuna.it\/en\/aktivitaeten-in-und-rund-um-dorf-tirol\/\">\n\t\t\t<img width=\"394\" height=\"394\" src=\"https:\/\/www.villa-fortuna.it\/wp-content\/uploads\/2020\/11\/mut-spronser-seen-08844-394x394.jpg\" class=\"img-responsive wp-post-image\" alt=\"\" loading=\"lazy\" srcset=\"https:\/\/www.villa-fortuna.it\/wp-content\/uploads\/2020\/11\/mut-spronser-seen-08844-394x394.jpg 394w, https:\/\/www.villa-fortuna.it\/wp-content\/uploads\/2020\/11\/mut-spronser-seen-08844-150x150.jpg 150w, https:\/\/www.villa-fortuna.it\/wp-content\/uploads\/2020\/11\/mut-spronser-seen-08844-605x605.jpg 605w\" sizes=\"(max-width: 394px) 100vw, 394px\" \/>    \t<\/a>\n    <div class=\"post-inner\">\n        <div class=\"post-meta\">\n    Uncategorized<\/div>            <h3 class=\"post-title\"><a href=\"https:\/\/www.villa-fortuna.it\/en\/aktivitaeten-in-und-rund-um-dorf-tirol\/\">Aktivit\u00e4ten in und rund um Dorf Tirol<\/a><\/h3>\n        \t            \t<div class=\"entry-content post-excerpt\">\n\t\t\t\t\t<p>Sie verbringen die wertvolle Zeit w\u00e4hrend Ihres Urlaubs am liebsten aktiv, an der frischen Luft?&nbsp;Wir haben f\u00fcr Sie einige Tipps f\u00fcr Aktivit\u00e4ten zusammengestellt, welche Ihnen gefallen d\u00fcrften! Wandern Dorf Tirol gilt als Mekka f\u00fcr Wanderer, vor allem durch seine unmittelbare &hellip; <a href=\"https:\/\/www.villa-fortuna.it\/en\/aktivitaeten-in-und-rund-um-dorf-tirol\/\">Read More<\/a><\/p>\n                <\/div>\n\t\t\t\t<div class=\"date-meta\">\n    <i class=\"xs-icon fa fa-calendar-o\"><\/i>\n    <!--div class=\"post-meta\"-->\n        <span class=\"themo-mas-date-meta show-author\"><a href=\"https:\/\/www.villa-fortuna.it\/en\/author\/villa\/\" title=\"Posts by villa\" rel=\"author\">villa<\/a><\/span>\n        <time class=\"themo-mas-date-meta published\" datetime=\"2020-11-13T10:43:40+01:00\">13. November 2020<\/time>\n                    <span class=\"themo-mas-date-meta show-comments\"><\/span>\n            <!--\/div-->\n    <span class=\"is-sticky\">Featured Post<\/span>\n<\/div><\/div>\n\t\t\t\t\t\t<\/div>\n\n\t\t\t\t\t\n\t\t\t\t\t\t\n\t\t\t\t\t\t<div class=\"mas-blog-post col-sm-6 col-md-4 post-531 post type-post status-publish format-standard has-post-thumbnail hentry\">\n\t\t\t\t\t\t\t    \t\t<a href=\"https:\/\/www.villa-fortuna.it\/en\/sehenswuerdigkeiten-in-dorf-tirol-und-meran\/\">\n\t\t\t<img width=\"394\" height=\"394\" src=\"https:\/\/www.villa-fortuna.it\/wp-content\/uploads\/2020\/11\/trauttmansdorff-00491-394x394.jpg\" class=\"img-responsive wp-post-image\" alt=\"\" loading=\"lazy\" srcset=\"https:\/\/www.villa-fortuna.it\/wp-content\/uploads\/2020\/11\/trauttmansdorff-00491-394x394.jpg 394w, https:\/\/www.villa-fortuna.it\/wp-content\/uploads\/2020\/11\/trauttmansdorff-00491-150x150.jpg 150w, https:\/\/www.villa-fortuna.it\/wp-content\/uploads\/2020\/11\/trauttmansdorff-00491-605x605.jpg 605w\" sizes=\"(max-width: 394px) 100vw, 394px\" \/>    \t<\/a>\n    <div class=\"post-inner\">\n        <div class=\"post-meta\">\n    Uncategorized<\/div>            <h3 class=\"post-title\"><a href=\"https:\/\/www.villa-fortuna.it\/en\/sehenswuerdigkeiten-in-dorf-tirol-und-meran\/\">Sehensw\u00fcrdigkeiten in Dorf Tirol und Meran<\/a><\/h3>\n        \t            \t<div class=\"entry-content post-excerpt\">\n\t\t\t\t\t<p>Es gibt so vieles zu entdecken&#8230; Wir haben f\u00fcr Sie die beliebtesten Sehensw\u00fcrdigkeiten in Dorf Tirol und Meran aufgelistet. Schloss Tirol Dorf Tirol ist gepr\u00e4gt von seiner Geschichte, so gab Schloss Tirol dem ganzen Land den Namen. Auf einem Mor\u00e4nenh\u00fcgel &hellip; <a href=\"https:\/\/www.villa-fortuna.it\/en\/sehenswuerdigkeiten-in-dorf-tirol-und-meran\/\">Read More<\/a><\/p>\n                <\/div>\n\t\t\t\t<div class=\"date-meta\">\n    <i class=\"xs-icon fa fa-calendar-o\"><\/i>\n    <!--div class=\"post-meta\"-->\n        <span class=\"themo-mas-date-meta show-author\"><a href=\"https:\/\/www.villa-fortuna.it\/en\/author\/villa\/\" title=\"Posts by villa\" rel=\"author\">villa<\/a><\/span>\n        <time class=\"themo-mas-date-meta published\" datetime=\"2020-11-12T09:18:59+01:00\">12. November 2020<\/time>\n                    <span class=\"themo-mas-date-meta show-comments\"><\/span>\n            <!--\/div-->\n    <span class=\"is-sticky\">Featured Post<\/span>\n<\/div><\/div>\n\t\t\t\t\t\t<\/div>\n\n\t\t\t\t\t\n\t\t\t\t\t\t\n\t\t\t\t\t\t<div class=\"mas-blog-post col-sm-6 col-md-4 post-512 post type-post status-publish format-standard has-post-thumbnail hentry\">\n\t\t\t\t\t\t\t    \t\t<a href=\"https:\/\/www.villa-fortuna.it\/en\/gleitschirm-tandemflug-mit-egon\/\">\n\t\t\t<img width=\"394\" height=\"394\" src=\"https:\/\/www.villa-fortuna.it\/wp-content\/uploads\/2020\/11\/Bildschirmfoto-2020-11-11-um-18.42.29-394x394.png\" class=\"img-responsive wp-post-image\" alt=\"\" loading=\"lazy\" srcset=\"https:\/\/www.villa-fortuna.it\/wp-content\/uploads\/2020\/11\/Bildschirmfoto-2020-11-11-um-18.42.29-394x394.png 394w, https:\/\/www.villa-fortuna.it\/wp-content\/uploads\/2020\/11\/Bildschirmfoto-2020-11-11-um-18.42.29-150x150.png 150w, https:\/\/www.villa-fortuna.it\/wp-content\/uploads\/2020\/11\/Bildschirmfoto-2020-11-11-um-18.42.29-605x605.png 605w\" sizes=\"(max-width: 394px) 100vw, 394px\" \/>    \t<\/a>\n    <div class=\"post-inner\">\n        <div class=\"post-meta\">\n    Uncategorized<\/div>            <h3 class=\"post-title\"><a href=\"https:\/\/www.villa-fortuna.it\/en\/gleitschirm-tandemflug-mit-egon\/\">Gleitschirmfliegen mit Gastgeber Egon<\/a><\/h3>\n        \t            \t<div class=\"entry-content post-excerpt\">\n\t\t\t\t\t<p>Ihr Gastgeber Egon geh\u00f6rt zu den erfahrensten Gleitschirm Tandempiloten in S\u00fcdtirol. Bereits seit 1986 pflegt Egon diese seine Leidenschaft und z\u00e4hlt somit zu den Gleitschirmflug-Pionieren in Italien. Dank seiner 30-j\u00e4hrigen Flugerfahrung im Tandemfliegen mit unz\u00e4hligen Passagierfl\u00fcgen und Flugstunden k\u00f6nnen Sie &hellip; <a href=\"https:\/\/www.villa-fortuna.it\/en\/gleitschirm-tandemflug-mit-egon\/\">Read More<\/a><\/p>\n                <\/div>\n\t\t\t\t<div class=\"date-meta\">\n    <i class=\"xs-icon fa fa-calendar-o\"><\/i>\n    <!--div class=\"post-meta\"-->\n        <span class=\"themo-mas-date-meta show-author\"><a href=\"https:\/\/www.villa-fortuna.it\/en\/author\/villa\/\" title=\"Posts by villa\" rel=\"author\">villa<\/a><\/span>\n        <time class=\"themo-mas-date-meta published\" datetime=\"2020-11-11T18:49:00+01:00\">11. November 2020<\/time>\n                    <span class=\"themo-mas-date-meta show-comments\"><\/span>\n            <!--\/div-->\n    <span class=\"is-sticky\">Featured Post<\/span>\n<\/div><\/div>\n\t\t\t\t\t\t<\/div>\n\n\t\t\t\t\t\n                    \n\t\t\t\t<\/div>\n                \n\t\t\t<\/section>\n\t\t\t\t\t<\/div>\n\t\t\t\t<\/div>\n\t\t\t\t<div class=\"elementor-element elementor-element-48r7spq elementor-widget elementor-widget-spacer\" data-id=\"48r7spq\" data-element_type=\"widget\" data-widget_type=\"spacer.default\">\n\t\t\t\t<div class=\"elementor-widget-container\">\n\t\t\t\t\t<div class=\"elementor-spacer\">\n\t\t\t<div class=\"elementor-spacer-inner\"><\/div>\n\t\t<\/div>\n\t\t\t\t<\/div>\n\t\t\t\t<\/div>\n\t\t\t\t\t\t<\/div>\n\t\t\t\t\t<\/div>\n\t\t<\/div>\n\t\t\t\t\t\t\t\t<\/div>\n\t\t\t\t\t<\/div>\n\t\t<\/section>\n\t\t\t\t\t\t<\/div>\n\t\t\t\t\t\t<\/div>\n\t\t\t\t\t<\/div>\n\t\t","protected":false},"excerpt":{"rendered":"<p>The Villa Fortuna Blog Unkategorisiert Aktivit\u00e4ten in und rund um Dorf Tirol Sie verbringen die wertvolle Zeit w\u00e4hrend Ihres Urlaubs am liebsten aktiv, an der frischen Luft?&nbsp;Wir haben f\u00fcr Sie einige Tipps f\u00fcr Aktivit\u00e4ten zusammengestellt, welche Ihnen gefallen d\u00fcrften! Wandern &hellip; <a href=\"https:\/\/www.villa-fortuna.it\/en\/armonia-tra-mente-corpo-e-spirito\/\">Read More<\/a><\/p>\n","protected":false},"author":1,"featured_media":1609,"parent":0,"menu_order":14,"comment_status":"closed","ping_status":"closed","template":"","meta":[],"_links":{"self":[{"href":"https:\/\/www.villa-fortuna.it\/en\/wp-json\/wp\/v2\/pages\/1608"}],"collection":[{"href":"https:\/\/www.villa-fortuna.it\/en\/wp-json\/wp\/v2\/pages"}],"about":[{"href":"https:\/\/www.villa-fortuna.it\/en\/wp-json\/wp\/v2\/types\/page"}],"author":[{"embeddable":true,"href":"https:\/\/www.villa-fortuna.it\/en\/wp-json\/wp\/v2\/users\/1"}],"replies":[{"embeddable":true,"href":"https:\/\/www.villa-fortuna.it\/en\/wp-json\/wp\/v2\/comments?post=1608"}],"version-history":[{"count":4,"href":"https:\/\/www.villa-fortuna.it\/en\/wp-json\/wp\/v2\/pages\/1608\/revisions"}],"predecessor-version":[{"id":1613,"href":"https:\/\/www.villa-fortuna.it\/en\/wp-json\/wp\/v2\/pages\/1608\/revisions\/1613"}],"wp:featuredmedia":[{"embeddable":true,"href":"https:\/\/www.villa-fortuna.it\/en\/wp-json\/wp\/v2\/media\/1609"}],"wp:attachment":[{"href":"https:\/\/www.villa-fortuna.it\/en\/wp-json\/wp\/v2\/media?parent=1608"}],"curies":[{"name":"wp","href":"https:\/\/api.w.org\/{rel}","templated":true}]}}