{"id":1276,"date":"2020-11-24T17:58:20","date_gmt":"2020-11-24T16:58:20","guid":{"rendered":"https:\/\/www.villa-fortuna.it\/cookies\/"},"modified":"2020-12-07T13:22:32","modified_gmt":"2020-12-07T12:22:32","slug":"cookies","status":"publish","type":"page","link":"https:\/\/www.villa-fortuna.it\/it\/cookies\/","title":{"rendered":"Cookies"},"content":{"rendered":"\t\t<div data-elementor-type=\"wp-page\" data-elementor-id=\"1276\" class=\"elementor elementor-1276 elementor-914\" data-elementor-settings=\"[]\">\n\t\t\t\t\t\t<div class=\"elementor-inner\">\n\t\t\t\t\t\t\t<div class=\"elementor-section-wrap\">\n\t\t\t\t\t\t\t<section class=\"elementor-section elementor-top-section elementor-element elementor-element-4640525 elementor-section-boxed elementor-section-height-default elementor-section-height-default\" data-id=\"4640525\" data-element_type=\"section\">\n\t\t\t\t\t\t<div class=\"elementor-container elementor-column-gap-default\">\n\t\t\t\t\t\t\t<div class=\"elementor-row\">\n\t\t\t\t\t<div class=\"elementor-column elementor-col-100 elementor-top-column elementor-element elementor-element-4f2518a\" data-id=\"4f2518a\" data-element_type=\"column\">\n\t\t\t<div class=\"elementor-column-wrap elementor-element-populated\">\n\t\t\t\t\t\t\t<div class=\"elementor-widget-wrap\">\n\t\t\t\t\t\t<div class=\"elementor-element elementor-element-3df6848 elementor-widget elementor-widget-wp-widget-text\" data-id=\"3df6848\" data-element_type=\"widget\" data-widget_type=\"wp-widget-text.default\">\n\t\t\t\t<div class=\"elementor-widget-container\">\n\t\t\t\t\t\t<div class=\"textwidget\"><p>Damit die Website www.villa-fortuna.it ordnungsgem\u00e4\u00df funktioniert, setzen wir manchmal kleine Dateien \u2013 sogenannte Cookies \u2013 auf Ihrem Ger\u00e4t ab. Das ist bei den meisten Websites \u00fcblich.<\/p>\n<p><strong>Was sind Cookies?<\/strong><br \/>\nEin Cookie ist eine kleine Textdatei, die ein Webportal auf Ihrem Rechner, Tablet-Computer oder Smartphone hinterl\u00e4sst, wenn Sie es besuchen. So kann sich das Portal bestimmte Eingaben und Einstellungen (z. B. Login, Sprache, Schriftgr\u00f6\u00dfe und andere Anzeigepr\u00e4ferenzen) \u00fcber einen bestimmten Zeitraum \u201emerken\u201c, und Sie brauchen diese nicht bei jedem weiteren Besuch und beim Navigieren im Portal erneut vorzunehmen.<\/p>\n<p><strong>Wie setzen wir Cookies ein?<\/strong><\/p>\n<p>Einstellungen<br \/>\nMit diesen Cookies werden auf unseren Websites Informationen zur Website-Darstellung gespeichert, wie Ihre bevorzugte Sprache oder Ihre Region. Wenn Ihre Region gespeichert wurde, zeigt eine Website beispielsweise den lokalen Wetterbericht oder lokale Verkehrsnachrichten an. Mit diesen Cookies k\u00f6nnen Sie auch die Schriftgr\u00f6\u00dfe und -art sowie andere Webseitenbereiche personalisieren.<\/p>\n<p>Gehen die Informationen eines Einstellungs-Cookies verloren, wird die Verwendung der Website m\u00f6glicherweise umst\u00e4ndlicher, f\u00fchrt aber in der Regel nicht zu einen Ausfall.<\/p>\n<p>In den Browsern der meisten Google-Nutzer gibt es ein Einstellungs-Cookie namens \u201ePREF\u201c. Ein Browser sendet dieses Cookie mit Anfragen an Google-Websites. Das PREF-Cookie speichert m\u00f6glicherweise Ihre Einstellungen und andere Informationen, insbesondere Ihre bevorzugte Sprache (z. B. Englisch), wie viele Suchergebnisse pro Seite angezeigt werden sollen (z. B. 10 oder 20) und ob der Google SafeSearch-Filter aktiviert sein soll.<\/p>\n<p>Sicherheit<br \/>\nWir verwenden Sicherheits-Cookies, um Nutzer zu authentifizieren, betr\u00fcgerische Verwendung von Anmeldeinformationen zu verhindern und Nutzerdaten vor dem Zugriff durch Unbefugte zu sch\u00fctzen.<\/p>\n<p>Wir verwenden zum Beispiel sogenannte SID- und HSID-Cookies, die die Google-Konto-ID und den letzten Anmeldezeitpunkt eines Nutzers in digital signierter und verschl\u00fcsselter Form festhalten. Die Kombination dieser beiden Cookies erm\u00f6glicht es uns, viele Angriffsarten zu blockieren. Zum Beispiel stoppen wir Versuche, Informationen aus Formularen zu stehlen, die Sie auf Webseiten ausgef\u00fcllt haben.<\/p>\n<p>Prozesse<br \/>\nProzess-Cookies tragen dazu bei, dass eine Website richtig reagiert und die erwarteten Dienste bietet. Dazu z\u00e4hlen das Navigieren auf Webseiten und der Zugriff auf gesch\u00fctzte Website-Bereiche. Ohne diese Cookies funktioniert eine Website nicht richtig.<\/p>\n<p>Wir verwenden beispielsweise ein Cookie namens \u201eLBCS\u201c, durch das in Google Docs mehrere Dokumente in einem Browser ge\u00f6ffnet werden k\u00f6nnen. Wird dieses Cookie blockiert, kann Google Docs nicht korrekt ausgef\u00fchrt werden.<\/p>\n<p>Werbung<br \/>\nWir verwenden Cookies, um Anzeigen f\u00fcr Nutzer ansprechender und f\u00fcr Publisher und Werbetreibende wertvoller zu gestalten. F\u00fcr gew\u00f6hnlich werden Cookies verwendet, um nutzerrelevante Anzeigen auszuw\u00e4hlen, die Berichterstellung zur Kampagnenleistung zu verbessern oder um zu vermeiden, dass ein Nutzer die gleichen Anzeigen mehrmals sieht.<\/p>\n<p>Google verwendet Cookies wie das PREF-, NID- oder SID-Cookie, um Anzeigen in Google-Produkten wie der Google-Suche individuell anzupassen. Mithilfe von Cookies erfassen wir zum Beispiel Ihre neuesten Suchanfragen, Ihre bisherigen Interaktionen mit den Anzeigen eines Werbetreibenden oder den Suchergebnissen und Ihre Besuche auf der Website eines Werbetreibenden. Auf diese Weise erhalten Sie individuell zugeschnittene Werbung auf Google.<\/p>\n<p>Wir verwenden Cookies auch f\u00fcr Anzeigen, die wir \u00fcberall im Web schalten. Unser wichtigstes Anzeigen-Cookie f\u00fcr Website, die nicht zu Google geh\u00f6ren, hei\u00dft \u201eID\u201c. Es wird in Browsern unter der Domain doubleclick.net gespeichert. Wir verwenden auch andere Cookies, z. B. \u201e_drt_\u201c, \u201eFLC\u201c und \u201eexchange_uid\u201c.<\/p>\n<p>Manchmal wird ein Cookie f\u00fcr die Domain der besuchten Website gesetzt. Bei unserem DoubleClick-Produkt wird m\u00f6glicherweise ein Cookie namens \u201e__gads\u201c f\u00fcr die Domain der besuchten Website gesetzt.<\/p>\n<p>Andere Google-Produkte wie YouTube k\u00f6nnen ebenfalls DoubleClick-Cookies zur Schaltung relevanterer Anzeigen nutzen. Weitere Informationen zu Anzeigen und YouTube.<\/p>\n<p>Google verwendet auch Conversion-Cookies, die haupts\u00e4chlich dazu dienen, dass Werbetreibende ermitteln k\u00f6nnen, wie viele der Personen, die auf ihre Anzeigen klicken, ihre Produkte am Ende kaufen. Mit diesen Cookies k\u00f6nnen Google und der Werbetreibende feststellen, dass Sie auf die Anzeige geklickt und anschlie\u00dfend die Website des Werbetreibenden besucht haben. Conversion-Cookies werden von Google nicht f\u00fcr das Targeting interessenbezogener Anzeigen genutzt und nur f\u00fcr einen bestimmten Zeitraum gespeichert. Diese Cookies werden allgemein in der Domain googleadservices.com oder in der Domain google.com\/ads gesetzt. Daten von Conversion-Cookies werden unter Umst\u00e4nden auch in Zusammenhang mit Ihrem Google-Konto verwendet, um Conversion-Ereignisse f\u00fcr Ihre verschiedenen Ger\u00e4te zu verkn\u00fcpfen. Es werden jedoch nur aus diesen Cookies extrahierte anonyme Conversion-Daten mit Werbetreibenden geteilt.<\/p>\n<p>Einige unserer Cookies k\u00f6nnen auch zur Messung von Conversion-Ereignissen verwendet werden. So k\u00f6nnen zum Beispiel DoubleClick- und Google Analytics-Cookies zu diesem Zweck genutzt und in der Domain der von Ihnen besuchten Website gesetzt werden.<\/p>\n<p>Sitzungsstatus<br \/>\nWebsites erfassen oft Informationen dar\u00fcber, wie Nutzer mit einer Website interagieren. Dazu z\u00e4hlt beispielsweise, welche Seiten Nutzer am h\u00e4ufigsten besuchen und ob sie von bestimmten Seiten Fehlermeldungen erhalten. Wir verwenden diese sogenannten \u201eSitzungsstatus-Cookies\u201c, um unsere Dienste zu optimieren und so das Surfen f\u00fcr unsere Nutzer zu verbessern. Blockieren oder L\u00f6schen dieser Cookies beeintr\u00e4chtigt die Verwendung der Website jedoch nicht.<\/p>\n<p>Diese Cookies k\u00f6nnen auch verwendet werden, um die Wirksamkeit von PPC- (pay per click) und Affiliate-Anzeigen anonym zu messen.<\/p>\n<p>Wir verwenden zum Beispiel ein Cookie namens \u201erecently_watched_video_id_list\u201c, mit dem YouTube die Videos erfasst, die in einem bestimmten Browser zuletzt angesehen wurden.<\/p>\n<p>Analytics<br \/>\nGoogle Analytics ist das Analyse-Tool von Google, das Website- und App-Inhabern Einblicke darin gibt, wie ihre Nutzer mit den angebotenen Ressourcen interagieren. Google Analytics verwendet m\u00f6glicherweise bestimmte Cookies, um Daten zu erheben und eine Website-Nutzungsstatistik weiterzugeben, ohne dabei Informationen zu erlangen, die einzelne Nutzer f\u00fcr Google pers\u00f6nlich identifizierbar machen.<\/p>\n<p>Neben der Weitergabe von Nutzungsstatistiken kann das Google Analytics-Pixel-Tag zusammen mit einigen der oben beschriebenen Werbe-Cookies auch dazu beitragen, dass in Google-Produkten wie zum Beispiel in der Google-Suche sowie im gesamten Web relevantere Anzeigen geschaltet werden.<\/p>\n<p>Weitere Informationen zu Analytics-Cookies und zum Datenschutz<\/p>\n<p>Google Cookies:<\/p>\n<p>__utma, unbegrenzt: Dieser Cookie beinhaltet die Informationen dar\u00fcber, wann der Besucher das erste Mal auf der Seite war, wie oft er sie besucht hat, und wann er sie das letzte Mal aufgerufen hat.<\/p>\n<p>__utmb, bis zum Ende der Session: Dieser Cookie enth\u00e4lt einen Zeitstempel wann der Besucher die Seite aufgerufen hat. Zusammen mit __utmc kann dieser Cookie Auskunft \u00fcber die Aufenthaltsdauer des Besuchers auf einer Seite geben.<\/p>\n<p>__utmc, 30 Minuten: Dieser Cookie enth\u00e4lt einen Zeitstempel wann der Besucher die Seite verlassen hat. Zusammen mit __utmb kann dieser Cookie Auskunft \u00fcber die Aufenthaltsdauer des Besuchers auf einer Seite geben.<\/p>\n<p>__utmk, unbegrenzt: Dieser Cookie beinhaltet einen Hashwert \u00fcber alle hier genannten UTM-Cookies.<\/p>\n<p>__utmv, unbegrenzt: Dieser Cookie ist f\u00fcr individuelle Inhalte gedacht, kann frei belegt werden und dient somit der Steuerung benutzerdefinierter Analysen.<\/p>\n<p>__utmx, 2 Jahre: Dieser Cookie beinhaltet Werte des Google Website Optimizers.<\/p>\n<p>__utmz, 6 Monate: Dieser Cookie beinhaltet Informationen dar\u00fcber, woher der Besucher kam bevor er die zu analysierende Seite aufgerufen hat. Darin k\u00f6nnen beispielsweise Informationen \u00fcber Suchmaschinen und die dort eingegebenen Suchbegriffe gespeichert sein, oder wo auf der Erde sich die aufrufende IP-Adresse befindet.<\/p>\n<p>Weitere Google Cookies:<\/p>\n<p>_ga, 2 Jahre: Wird verwendet, um Benutzer zu unterscheiden<\/p>\n<p>_gat, 10 min: Wird verwendet um Tracker Objekte zu erzeugen.ztdst, Sitzung; beinhaltet einen Eindeutigen Hash-Wert pro Besucher und dient zur Speicherung der _utm-Cookies von Google. Zus\u00e4tzlich wird die IP Adresse, die Browsersprache und die Einstiegsseite abgespeichert.<\/p>\n<p>Kontrolle \u00fcber Cookies<br \/>\nSie k\u00f6nnen Cookies nach Belieben steuern und\/oder l\u00f6schen. Wie, erfahren Sie hier: aboutcookies.org. Sie k\u00f6nnen alle auf Ihrem Rechner abgelegten Cookies l\u00f6schen und die meisten Browser so einstellen, dass die Ablage von Cookies verhindert wird. Dann m\u00fcssen Sie aber m\u00f6glicherweise einige Einstellungen bei jedem Besuch einer Seite manuell vornehmen und die Beeintr\u00e4chtigung mancher Funktionen in Kauf nehmen.<\/p>\n<p>Cookies deaktivieren<br \/>\nDatenschutzgesetze geben Benutzern die M\u00f6glichkeit, Cookies zu deaktivieren (\u201eopt out\u201c), die bereits auf Ihrem Ger\u00e4t installiert sind. Diese Option gilt f\u00fcr \u201etechnische Cookies\u201c (Art. 122 des italienischen Datenschutzgesetzes) und andere Cookies, die der Benutzer zuvor akzeptiert (\u201eopt in\u201c) hat. Der Benutzer kann Cookies anhand von Browsereinstellungen deaktivieren und\/oder l\u00f6schen (\u201eopt out\u201c).<\/p>\n<p>Bestimmte Cookie-Einstellungen<br \/>\nDie meisten Webbrowser sehen bestimmte Cookie-Einstellungen vor, die von dir ver\u00e4nderbar sind. Man kann die Browser so einstellen, dass Cookies blockiert oder bestimmte Cookies gel\u00f6scht werden. Im Allgemeinen wird es Ihnen auch m\u00f6glich sein, mithilfe deiner Browsereinstellungen \u00e4hnliche Technologien auf die gleiche Weise wie Cookies zu steuern. Die folgenden Links zeigen, wie die Einstellungen der \u00fcblicherweise verwendeten Browser angepasst werden k\u00f6nnen:<\/p>\n<ul>\n<li><a href=\"http:\/\/windows.microsoft.com\/en-US\/windows-vista\/Block-or-allow-cookies\" target=\"_parent\" rel=\"noopener noreferrer\">Internet Explorer<\/a><\/li>\n<li><a href=\"http:\/\/support.mozilla.com\/en-US\/kb\/Enabling+and+disabling+cookies\" target=\"_parent\" rel=\"noopener noreferrer\">Firefox<\/a><\/li>\n<li><a href=\"http:\/\/support.apple.com\/kb\/index?page=search&amp;fac=all&amp;q=cookies%20safari\" target=\"_parent\" rel=\"noopener noreferrer\">Safari<\/a><\/li>\n<li><a href=\"http:\/\/www.google.com\/support\/chrome\/bin\/answer.py?hl=en&amp;answer=95647\" target=\"_parent\" rel=\"noopener noreferrer\">Chrome<\/a><\/li>\n<\/ul>\n<p>Wenn Sie Cookies blockieren, kann es vorkommen, dass die Funktionsf\u00e4higkeit beeintr\u00e4chtigt wird.<\/p>\n<p>Weitere InformationenWeitere Informationen \u00fcber die Nutzung von Cookies und wie diese blockiert werden k\u00f6nnen, finden Sie unter: www.allaboutcookies.org,www.yo\u2026 (Europa) oder auch www.aboutads.info\/choices\/ (USA).<\/p>\n<\/div>\n\t\t\t\t<\/div>\n\t\t\t\t<\/div>\n\t\t\t\t\t\t<\/div>\n\t\t\t\t\t<\/div>\n\t\t<\/div>\n\t\t\t\t\t\t\t\t<\/div>\n\t\t\t\t\t<\/div>\n\t\t<\/section>\n\t\t\t\t\t\t<\/div>\n\t\t\t\t\t\t<\/div>\n\t\t\t\t\t<\/div>\n\t\t","protected":false},"excerpt":{"rendered":"","protected":false},"author":1,"featured_media":0,"parent":0,"menu_order":0,"comment_status":"closed","ping_status":"closed","template":"","meta":[],"_links":{"self":[{"href":"https:\/\/www.villa-fortuna.it\/it\/wp-json\/wp\/v2\/pages\/1276"}],"collection":[{"href":"https:\/\/www.villa-fortuna.it\/it\/wp-json\/wp\/v2\/pages"}],"about":[{"href":"https:\/\/www.villa-fortuna.it\/it\/wp-json\/wp\/v2\/types\/page"}],"author":[{"embeddable":true,"href":"https:\/\/www.villa-fortuna.it\/it\/wp-json\/wp\/v2\/users\/1"}],"replies":[{"embeddable":true,"href":"https:\/\/www.villa-fortuna.it\/it\/wp-json\/wp\/v2\/comments?post=1276"}],"version-history":[{"count":6,"href":"https:\/\/www.villa-fortuna.it\/it\/wp-json\/wp\/v2\/pages\/1276\/revisions"}],"predecessor-version":[{"id":1283,"href":"https:\/\/www.villa-fortuna.it\/it\/wp-json\/wp\/v2\/pages\/1276\/revisions\/1283"}],"wp:attachment":[{"href":"https:\/\/www.villa-fortuna.it\/it\/wp-json\/wp\/v2\/media?parent=1276"}],"curies":[{"name":"wp","href":"https:\/\/api.w.org\/{rel}","templated":true}]}}